{"id":465,"date":"2014-12-31T16:49:51","date_gmt":"2014-12-31T16:49:51","guid":{"rendered":"http:\/\/www.seiburg.de\/wp\/?page_id=465"},"modified":"2014-12-31T16:50:39","modified_gmt":"2014-12-31T16:50:39","slug":"brauchtum","status":"publish","type":"page","link":"http:\/\/www.seiburg.de\/?page_id=465","title":{"rendered":"Brauchtum"},"content":{"rendered":"<h2>Die Gemeinde Seiburg<\/h2>\n<p>Seiburg ist ein von der Landwirtschaft gepr\u00e4gtes Dorf, welches im Laufe der Zeit zu Wohlstand gekommen war. Wichtige Wege gingen nicht durch Seiburg, so dass Seiburg der Landwirtschaft verbunden blieb.<\/p>\n<p>Demgem\u00e4\u00df entwickelte sich die Bev\u00f6lkerung. Bildeten fr\u00fcher die s\u00e4chsischen Bauern den Gro\u00dfteil der Bev\u00f6lkerung, kamen im Laufe der Zeit immer mehr Rum\u00e4nen und Zigeuner hinzu. Ungarn gab es wenige, vielleicht weil sich die Nachbargemeinde Kiwern von einem s\u00e4chsischen in ein fast rein ungarisches Dorf gewandelt hatte.\u00a0Das Leben von verschiedenen Volksgruppen an einem Ort war durch die r\u00e4umliche, kulturelle, sprachliche und religi\u00f6se Trennung gepr\u00e4gt.\u00a0Die Sachsen waren evangelisch und bildeten durch die Nachbarschaften eine recht stabile Gemeinschaft, die sich in dem tagt\u00e4glichen Leben unterst\u00fctzte.<\/p>\n","protected":false},"excerpt":{"rendered":"<p>Die Gemeinde Seiburg Seiburg ist ein von der Landwirtschaft gepr\u00e4gtes Dorf, welches im Laufe der Zeit zu Wohlstand gekommen war. Wichtige Wege gingen nicht durch Seiburg, so dass Seiburg der Landwirtschaft verbunden blieb. Demgem\u00e4\u00df entwickelte sich die Bev\u00f6lkerung. Bildeten fr\u00fcher die s\u00e4chsischen Bauern den Gro\u00dfteil der Bev\u00f6lkerung, kamen im Laufe der Zeit immer mehr Rum\u00e4nen [&hellip;]<\/p>\n","protected":false},"author":1,"featured_media":0,"parent":0,"menu_order":0,"comment_status":"closed","ping_status":"closed","template":"templates\/template-fullwidth.php","meta":{"footnotes":""},"class_list":["post-465","page","type-page","status-publish","hentry"],"_links":{"self":[{"href":"http:\/\/www.seiburg.de\/index.php?rest_route=\/wp\/v2\/pages\/465","targetHints":{"allow":["GET"]}}],"collection":[{"href":"http:\/\/www.seiburg.de\/index.php?rest_route=\/wp\/v2\/pages"}],"about":[{"href":"http:\/\/www.seiburg.de\/index.php?rest_route=\/wp\/v2\/types\/page"}],"author":[{"embeddable":true,"href":"http:\/\/www.seiburg.de\/index.php?rest_route=\/wp\/v2\/users\/1"}],"replies":[{"embeddable":true,"href":"http:\/\/www.seiburg.de\/index.php?rest_route=%2Fwp%2Fv2%2Fcomments&post=465"}],"version-history":[{"count":1,"href":"http:\/\/www.seiburg.de\/index.php?rest_route=\/wp\/v2\/pages\/465\/revisions"}],"predecessor-version":[{"id":466,"href":"http:\/\/www.seiburg.de\/index.php?rest_route=\/wp\/v2\/pages\/465\/revisions\/466"}],"wp:attachment":[{"href":"http:\/\/www.seiburg.de\/index.php?rest_route=%2Fwp%2Fv2%2Fmedia&parent=465"}],"curies":[{"name":"wp","href":"https:\/\/api.w.org\/{rel}","templated":true}]}}