{"id":497,"date":"2014-12-31T17:30:02","date_gmt":"2014-12-31T17:30:02","guid":{"rendered":"http:\/\/www.seiburg.de\/wp\/?page_id=497"},"modified":"2014-12-31T17:36:41","modified_gmt":"2014-12-31T17:36:41","slug":"hanfverarbeitung","status":"publish","type":"page","link":"http:\/\/www.seiburg.de\/?page_id=497","title":{"rendered":"Hanfverarbeitung"},"content":{"rendered":"<p>Die Bauern in Seiburg waren Selbstversorger. Alles, von der Unter- bis zur Oberbekleidung, Bett- und Tischw\u00e4sche, Handt\u00fccher, K\u00fcchent\u00fccher, S\u00e4cke und vieles mehr wurde selbst hergestellt.<\/p>\n<p><a href=\"http:\/\/www.seiburg.de\/wp\/wp-content\/uploads\/2014\/12\/HackeUndBreche.jpg\"><img loading=\"lazy\" decoding=\"async\" class=\" size-full wp-image-371 aligncenter\" src=\"http:\/\/www.seiburg.de\/wp\/wp-content\/uploads\/2014\/12\/HackeUndBreche.jpg\" alt=\"HackeUndBreche\" width=\"394\" height=\"296\" srcset=\"http:\/\/www.seiburg.de\/wp\/wp-content\/uploads\/2014\/12\/HackeUndBreche.jpg 394w, http:\/\/www.seiburg.de\/wp\/wp-content\/uploads\/2014\/12\/HackeUndBreche-300x225.jpg 300w, http:\/\/www.seiburg.de\/wp\/wp-content\/uploads\/2014\/12\/HackeUndBreche-160x120.jpg 160w\" sizes=\"auto, (max-width: 394px) 100vw, 394px\" \/><\/a><\/p>\n<p style=\"text-align: center;\"><span style=\"color: #53a1b8;\">Utensilien zur Hanfbearbeitung<\/span><\/p>\n<p>Von der Aussaat, \u00fcber die Ernte, das W\u00e4ssern, Trocknen, und spinnfertig machen \u00fcber mehrere Arbeitsg\u00e4nge wurde alles selbst gemacht. Diese Arbeiten zogen sich von der Ernte um Mitte August \u00fcber den ganzen Herbst. War man mit den Feldarbeiten fertig, begann man mit dem Spinnen des Hanfes. Bis Ende Februar, Anfang M\u00e4rz musste das Garn gesponnen sein. Schlie\u00dflich wurde es nach vielen weiter Arbeitsg\u00e4ngen verwebt.<\/p>\n<p><a href=\"http:\/\/www.seiburg.de\/wp\/wp-content\/uploads\/2014\/12\/Webstuhl.jpg\"><img loading=\"lazy\" decoding=\"async\" class=\" size-full wp-image-391 aligncenter\" src=\"http:\/\/www.seiburg.de\/wp\/wp-content\/uploads\/2014\/12\/Webstuhl.jpg\" alt=\"Webstuhl\" width=\"337\" height=\"318\" srcset=\"http:\/\/www.seiburg.de\/wp\/wp-content\/uploads\/2014\/12\/Webstuhl.jpg 337w, http:\/\/www.seiburg.de\/wp\/wp-content\/uploads\/2014\/12\/Webstuhl-300x283.jpg 300w\" sizes=\"auto, (max-width: 337px) 100vw, 337px\" \/><\/a><\/p>\n<p style=\"text-align: center;\"><span style=\"color: #53a1b8;\">Webstuhl aus Seiburg<\/span><\/p>\n","protected":false},"excerpt":{"rendered":"<p>Die Bauern in Seiburg waren Selbstversorger. Alles, von der Unter- bis zur Oberbekleidung, Bett- und Tischw\u00e4sche, Handt\u00fccher, K\u00fcchent\u00fccher, S\u00e4cke und vieles mehr wurde selbst hergestellt. Utensilien zur Hanfbearbeitung Von der Aussaat, \u00fcber die Ernte, das W\u00e4ssern, Trocknen, und spinnfertig machen \u00fcber mehrere Arbeitsg\u00e4nge wurde alles selbst gemacht. Diese Arbeiten zogen sich von der Ernte um [&hellip;]<\/p>\n","protected":false},"author":1,"featured_media":0,"parent":0,"menu_order":0,"comment_status":"closed","ping_status":"closed","template":"templates\/template-fullwidth.php","meta":{"footnotes":""},"class_list":["post-497","page","type-page","status-publish","hentry"],"_links":{"self":[{"href":"http:\/\/www.seiburg.de\/index.php?rest_route=\/wp\/v2\/pages\/497","targetHints":{"allow":["GET"]}}],"collection":[{"href":"http:\/\/www.seiburg.de\/index.php?rest_route=\/wp\/v2\/pages"}],"about":[{"href":"http:\/\/www.seiburg.de\/index.php?rest_route=\/wp\/v2\/types\/page"}],"author":[{"embeddable":true,"href":"http:\/\/www.seiburg.de\/index.php?rest_route=\/wp\/v2\/users\/1"}],"replies":[{"embeddable":true,"href":"http:\/\/www.seiburg.de\/index.php?rest_route=%2Fwp%2Fv2%2Fcomments&post=497"}],"version-history":[{"count":2,"href":"http:\/\/www.seiburg.de\/index.php?rest_route=\/wp\/v2\/pages\/497\/revisions"}],"predecessor-version":[{"id":508,"href":"http:\/\/www.seiburg.de\/index.php?rest_route=\/wp\/v2\/pages\/497\/revisions\/508"}],"wp:attachment":[{"href":"http:\/\/www.seiburg.de\/index.php?rest_route=%2Fwp%2Fv2%2Fmedia&parent=497"}],"curies":[{"name":"wp","href":"https:\/\/api.w.org\/{rel}","templated":true}]}}