{"id":505,"date":"2014-12-31T17:35:08","date_gmt":"2014-12-31T17:35:08","guid":{"rendered":"http:\/\/www.seiburg.de\/wp\/?page_id=505"},"modified":"2015-01-01T10:58:01","modified_gmt":"2015-01-01T10:58:01","slug":"tracht","status":"publish","type":"page","link":"http:\/\/www.seiburg.de\/?page_id=505","title":{"rendered":"Tracht"},"content":{"rendered":"<p>Die Frauen- und M\u00e4nnertracht in Seiburg ist weitgehend die Kirchen- und Festtagstracht. Sie durfte zum ersten Mal bei der Konfirmation getragen werden.\u00a0Zur Tracht der M\u00e4dchen geh\u00f6rt ein wei\u00dfer oder dunkelblauer oder schwarzer Rock. Dazu eine wei\u00df-schwarz oder wei\u00df oder gelb bestickte Sch\u00fcrze. Das wei\u00dfe Hemd ist weit geschnitten und am Hals auf den Schultern und am \u00c4rmelb\u00fcndchen kunstvoll gereiht.<\/p>\n<p><a href=\"http:\/\/www.seiburg.de\/wp\/wp-content\/uploads\/2014\/12\/TrachtKonfirmationJahrgang1960.jpg\"><img loading=\"lazy\" decoding=\"async\" class=\" size-full wp-image-390 aligncenter\" src=\"http:\/\/www.seiburg.de\/wp\/wp-content\/uploads\/2014\/12\/TrachtKonfirmationJahrgang1960.jpg\" alt=\"TrachtKonfirmationJahrgang1960\" width=\"325\" height=\"369\" srcset=\"http:\/\/www.seiburg.de\/wp\/wp-content\/uploads\/2014\/12\/TrachtKonfirmationJahrgang1960.jpg 325w, http:\/\/www.seiburg.de\/wp\/wp-content\/uploads\/2014\/12\/TrachtKonfirmationJahrgang1960-264x300.jpg 264w\" sizes=\"auto, (max-width: 325px) 100vw, 325px\" \/><\/a><\/p>\n<p style=\"text-align: center;\"><span style=\"color: #53a1b8;\">Seiburger Konfirmanten mit Tracht<\/span><\/p>\n<p><a href=\"http:\/\/www.seiburg.de\/wp\/wp-content\/uploads\/2014\/12\/Dinkelsbuehl2013_020.jpg\"><img loading=\"lazy\" decoding=\"async\" class=\" size-full wp-image-266 aligncenter\" src=\"http:\/\/www.seiburg.de\/wp\/wp-content\/uploads\/2014\/12\/Dinkelsbuehl2013_020.jpg\" alt=\"Dinkelsbuehl2013_020.jpg\" width=\"726\" height=\"408\" srcset=\"http:\/\/www.seiburg.de\/wp\/wp-content\/uploads\/2014\/12\/Dinkelsbuehl2013_020.jpg 726w, http:\/\/www.seiburg.de\/wp\/wp-content\/uploads\/2014\/12\/Dinkelsbuehl2013_020-300x169.jpg 300w\" sizes=\"auto, (max-width: 726px) 100vw, 726px\" \/><\/a><\/p>\n<p style=\"text-align: center;\"><span style=\"color: #53a1b8;\">Seiburger in traditioneller Tracht beim Treffen der Siebenb\u00fcrger Sachsen in Dinkelsb\u00fchl 2013<\/span><\/p>\n","protected":false},"excerpt":{"rendered":"<p>Die Frauen- und M\u00e4nnertracht in Seiburg ist weitgehend die Kirchen- und Festtagstracht. Sie durfte zum ersten Mal bei der Konfirmation getragen werden.\u00a0Zur Tracht der M\u00e4dchen geh\u00f6rt ein wei\u00dfer oder dunkelblauer oder schwarzer Rock. Dazu eine wei\u00df-schwarz oder wei\u00df oder gelb bestickte Sch\u00fcrze. Das wei\u00dfe Hemd ist weit geschnitten und am Hals auf den Schultern und [&hellip;]<\/p>\n","protected":false},"author":1,"featured_media":0,"parent":0,"menu_order":0,"comment_status":"closed","ping_status":"closed","template":"templates\/template-fullwidth.php","meta":{"footnotes":""},"class_list":["post-505","page","type-page","status-publish","hentry"],"_links":{"self":[{"href":"http:\/\/www.seiburg.de\/index.php?rest_route=\/wp\/v2\/pages\/505","targetHints":{"allow":["GET"]}}],"collection":[{"href":"http:\/\/www.seiburg.de\/index.php?rest_route=\/wp\/v2\/pages"}],"about":[{"href":"http:\/\/www.seiburg.de\/index.php?rest_route=\/wp\/v2\/types\/page"}],"author":[{"embeddable":true,"href":"http:\/\/www.seiburg.de\/index.php?rest_route=\/wp\/v2\/users\/1"}],"replies":[{"embeddable":true,"href":"http:\/\/www.seiburg.de\/index.php?rest_route=%2Fwp%2Fv2%2Fcomments&post=505"}],"version-history":[{"count":2,"href":"http:\/\/www.seiburg.de\/index.php?rest_route=\/wp\/v2\/pages\/505\/revisions"}],"predecessor-version":[{"id":602,"href":"http:\/\/www.seiburg.de\/index.php?rest_route=\/wp\/v2\/pages\/505\/revisions\/602"}],"wp:attachment":[{"href":"http:\/\/www.seiburg.de\/index.php?rest_route=%2Fwp%2Fv2%2Fmedia&parent=505"}],"curies":[{"name":"wp","href":"https:\/\/api.w.org\/{rel}","templated":true}]}}