{"id":513,"date":"2014-12-31T17:48:45","date_gmt":"2014-12-31T17:48:45","guid":{"rendered":"http:\/\/www.seiburg.de\/wp\/?page_id=513"},"modified":"2015-07-13T20:54:09","modified_gmt":"2015-07-13T20:54:09","slug":"linksammlung","status":"publish","type":"page","link":"http:\/\/www.seiburg.de\/?page_id=513","title":{"rendered":"Linksammlung"},"content":{"rendered":"<h1>Linksammlung zu Seiburg und Siebenb\u00fcrgen<\/h1>\n<h2>Seiburger Jugend<\/h2>\n<p>Am 21.06.2015 wurde die &#8222;Seiburger Jugend&#8220; gegr\u00fcndet. Die Jugendlichen tauschen sich \u00fcber eine <a href=\"https:\/\/www.facebook.com\/groups\/1598849860387589\/\">Facebook-Gruppe<\/a> aus. Du bist gerne eingeladen mitzumachen.<\/p>\n<h2>Seiburg auf den Siebenb\u00fcrger Seiten<\/h2>\n<p>Auf den Seiten von www.siebenbuerger.de gibt es auch ein kleines Angebot zu Seiburg. Hier die wichtigsten Inhalte:<\/p>\n<p><a href=\"http:\/\/www.siebenbuerger.de\/ortschaften\/seiburg\/index.html\" target=\"_blank\">Seiburg<\/a>\u00a0:\u00a0Das ist die Einstiegsseite von Seiburg auf\u00a0<i>www.siebenbuerger.de<\/i>.<\/p>\n<p><a href=\"http:\/\/www.siebenbuerger.de\/ortschaften\/seiburg\/liste.html\" target=\"_blank\">Adressliste von Seiburg<\/a>\u00a0:\u00a0Hier k\u00f6nnt Ihr Euch auch selbst eintragen und Euere Daten \u00e4ndern.<\/p>\n<p><a href=\"http:\/\/www.siebenbuerger.de\/ortschaften\/seiburg\/bild.html\" target=\"_blank\">Luftbilder<\/a>\u00a0:\u00a0Auf dieser Seite findet Ihr zwei Luftaufnahmen um den Bereich der Kirche.<\/p>\n<hr \/>\n<h2>Seiburg im Internet<\/h2>\n<p><a href=\"http:\/\/de.wikipedia.org\/wiki\/Jibert\" target=\"_blank\">Seiburg (Jibert) in Wikipedia<\/a><\/p>\n<p><a href=\"http:\/\/www.wilhelm-roth.de\/Versc\/96_Seiburg.htm\" target=\"_blank\">SeiburgerKronenfest<\/a>\u00a0dokumentiert von Wilhelm Ernst Roth<\/p>\n<p><a href=\"http:\/\/traditionen.evang.ro\/fe\/location\/view\/30\">Siebenb\u00fcrgisch-S\u00e4chsische Br\u00e4uche und Traditionen in Seiburg<\/a> auf den Seiten &#8222;Ethnographische Sammlung Siebenb\u00fcrgen&#8220;<\/p>\n<p><a href=\"https:\/\/euroromania.wordpress.com\/2010\/10\/15\/164\/\">Reisebericht aus Seiburg<\/a> im Reiseblog von Julia J\u00fcrgens<\/p>\n<hr \/>\n<h2>Seiten zu Siebenb\u00fcrgen und den Siebenb\u00fcrger Sachsen<\/h2>\n<p><a href=\"http:\/\/www.siebenbuerger.de\/\" target=\"_blank\">Siebenb\u00fcrger<\/a><br \/>\n<i>www.siebenbuerger.de<\/i>\u00a0sind\u00a0<b>die<\/b>\u00a0Seiten der Siebenb\u00fcrger. Hier findet man ein reichhaltiges Angebot zu Themen rund um unsere Heimat. Es gibt aber auch noch weitere Angebote:<\/p>\n<p><a href=\"http:\/\/www.siebenbuergen.de\/\" target=\"_blank\">Siebenb\u00fcrgen<br \/>\n<\/a><a href=\"http:\/\/www.sibiweb.de\/\" target=\"_blank\">SibiWeb<br \/>\n<\/a><a href=\"http:\/\/www.7buergen.de\/\" target=\"_blank\">7buergen<br \/>\n<\/a><a href=\"http:\/\/www.rokestuf.de\/\" target=\"_blank\">Rokestuf<\/a><\/p>\n<hr \/>\n<h2>Wo findet man noch Interessantes zu Siebenb\u00fcrgen?<\/h2>\n<p><a href=\"http:\/\/de.wikipedia.org\/wiki\/Siebenb%FCrgen\" target=\"_blank\">Siebenb\u00fcrgen<\/a>\u00a0und\u00a0<a href=\"http:\/\/de.wikipedia.org\/wiki\/Siebenb%FCrger_Sachsen\" target=\"_blank\">Siebenb\u00fcrger Sachsen<\/a>\u00a0&#8230;im Online-Lexikon Wikipedia.<\/p>\n<p><a href=\"http:\/\/www.sagen.at\/texte\/sagen\/rumaenien\/siebenbuergen\/sagen_siebenbuergen.htm\" target=\"_blank\">Sagen aus Siebenb\u00fcrgen<\/a>\u00a0Eine Liste von Sagen aus unserer Heimat.<\/p>\n<p><a href=\"http:\/\/www.siebenbuergen-institut.de\/\" target=\"_blank\">Siebenb\u00fcrgen-Institut<\/a>\u00a0Wer Quellen zur Forschung zu Siebenb\u00fcrgen und dessen Bewohner sucht, findet m\u00f6glicherweise auf diesen Seiten wertvolle Informationen<\/p>\n","protected":false},"excerpt":{"rendered":"<p>Linksammlung zu Seiburg und Siebenb\u00fcrgen Seiburger Jugend Am 21.06.2015 wurde die &#8222;Seiburger Jugend&#8220; gegr\u00fcndet. Die Jugendlichen tauschen sich \u00fcber eine Facebook-Gruppe aus. Du bist gerne eingeladen mitzumachen. Seiburg auf den Siebenb\u00fcrger Seiten Auf den Seiten von www.siebenbuerger.de gibt es auch ein kleines Angebot zu Seiburg. Hier die wichtigsten Inhalte: Seiburg\u00a0:\u00a0Das ist die Einstiegsseite von Seiburg [&hellip;]<\/p>\n","protected":false},"author":1,"featured_media":0,"parent":0,"menu_order":0,"comment_status":"closed","ping_status":"closed","template":"","meta":{"footnotes":""},"class_list":["post-513","page","type-page","status-publish","hentry"],"_links":{"self":[{"href":"http:\/\/www.seiburg.de\/index.php?rest_route=\/wp\/v2\/pages\/513","targetHints":{"allow":["GET"]}}],"collection":[{"href":"http:\/\/www.seiburg.de\/index.php?rest_route=\/wp\/v2\/pages"}],"about":[{"href":"http:\/\/www.seiburg.de\/index.php?rest_route=\/wp\/v2\/types\/page"}],"author":[{"embeddable":true,"href":"http:\/\/www.seiburg.de\/index.php?rest_route=\/wp\/v2\/users\/1"}],"replies":[{"embeddable":true,"href":"http:\/\/www.seiburg.de\/index.php?rest_route=%2Fwp%2Fv2%2Fcomments&post=513"}],"version-history":[{"count":8,"href":"http:\/\/www.seiburg.de\/index.php?rest_route=\/wp\/v2\/pages\/513\/revisions"}],"predecessor-version":[{"id":1423,"href":"http:\/\/www.seiburg.de\/index.php?rest_route=\/wp\/v2\/pages\/513\/revisions\/1423"}],"wp:attachment":[{"href":"http:\/\/www.seiburg.de\/index.php?rest_route=%2Fwp%2Fv2%2Fmedia&parent=513"}],"curies":[{"name":"wp","href":"https:\/\/api.w.org\/{rel}","templated":true}]}}