{"id":893,"date":"2015-01-10T12:21:38","date_gmt":"2015-01-10T12:21:38","guid":{"rendered":"http:\/\/www.seiburg.de\/wp\/?page_id=893"},"modified":"2015-01-10T17:31:21","modified_gmt":"2015-01-10T17:31:21","slug":"literatur","status":"publish","type":"page","link":"http:\/\/www.seiburg.de\/?page_id=893","title":{"rendered":"Literatur"},"content":{"rendered":"<hr \/>\n<h2><\/h2>\n<h2>Zweieinhalb St\u00f6rche<\/h2>\n<p><em>von Claudiu M. Florian, erschienen 2008<\/em><\/p>\n<p><img loading=\"lazy\" decoding=\"async\" class=\" aligncenter\" src=\"http:\/\/ecx.images-amazon.com\/images\/I\/7124D4PnwlL._SL1500_.jpg\" alt=\"Zweieinhalb St\u00f6rche\" width=\"215\" height=\"330\" \/><\/p>\n<p>Im Buch Zweieinhalb St\u00f6rche beschreibt Claudiu M. Florian seine Kindheit in Siebenb\u00fcrgen. Er w\u00e4chst in den siebziger Jahren bei seinen Gro\u00dfeltern in Reps auf und ein ums andere Mal verschl\u00e4gt es ihn im Buch auch nach Seiburg: <em>&#8222;An diesem Morgen kommt der dicke Onkel Michael mit dem wei\u00dfen Mercedes und holt uns drei ab, seine Schwester, den Gro\u00dfvater und mich, denn nun sollen wir alle nach Seiburg auf Besuch.&#8220;<\/em><\/p>\n<p>Buch bei <a href=\"http:\/\/www.amazon.de\/Zweieinhalb-St\u00f6rche-Roman-Kindheit-Siebenb\u00fcrgen\/dp\/3887472357\">Amazon<\/a><\/p>\n<h3>Rezensionen:<\/h3>\n<p><a href=\"http:\/\/www.siebenbuerger.de\/zeitung\/artikel\/kultur\/8366-claudiu-m-florian-wandelt-auf-den.html\">Siebenb\u00fcrgische Zeitung<br \/>\n<\/a><a href=\"http:\/\/www.berliner-zeitung.de\/archiv\/claudiu-m--florians-roman--zweieinhalb-stoerche--ueber-eine-kindheit-in-siebenbuergen-ein-fernseher-namens-dacia,10810590,10633530.html\">Berliner Zeitung<br \/>\n<\/a><a href=\"http:\/\/www.deutschlandradiokultur.de\/zurueck-ins-kindheitsland.950.de.html?dram:article_id=136747\">Deutschlandradio Kultur<\/a><\/p>\n<p><a href=\"http:\/\/www.seiburg.de\/wp\/wp-content\/uploads\/2015\/01\/SeiburgerTreffen2012_068.jpg\"><img loading=\"lazy\" decoding=\"async\" class=\"  wp-image-802 aligncenter\" src=\"http:\/\/www.seiburg.de\/wp\/wp-content\/uploads\/2015\/01\/SeiburgerTreffen2012_068-199x300.jpg\" alt=\"SeiburgerTreffen2012_068.jpg\" width=\"203\" height=\"306\" srcset=\"http:\/\/www.seiburg.de\/wp\/wp-content\/uploads\/2015\/01\/SeiburgerTreffen2012_068-199x300.jpg 199w, http:\/\/www.seiburg.de\/wp\/wp-content\/uploads\/2015\/01\/SeiburgerTreffen2012_068.jpg 679w\" sizes=\"auto, (max-width: 203px) 100vw, 203px\" \/><\/a><\/p>\n<p>Wir haben uns gefreut, dass Claudiu Florian am <a title=\"Seiburger Treffen 2012\" href=\"http:\/\/www.seiburg.de\/wp\/?p=317\">Seiburger Treffen in 2012<\/a> teilgenommen hat. Dort hat er viele Gespr\u00e4che mit den Seiburgern gef\u00fchrt immer auf der Suche nach Geschichten und Zeugnissen\u00a0aus seiner Kindheit.<\/p>\n<hr \/>\n<h2>Seiburg in Siebenb\u00fcrgen &#8222;Ein Heimatbuch&#8220;<\/h2>\n<p><em>von Martin Guist, erschienen 1991<\/em><\/p>\n<p><a href=\"http:\/\/www.seiburg.de\/wp\/wp-content\/uploads\/2015\/01\/HeimatbuchSeiburg.jpg\"><img loading=\"lazy\" decoding=\"async\" class=\" size-medium wp-image-917 aligncenter\" src=\"http:\/\/www.seiburg.de\/wp\/wp-content\/uploads\/2015\/01\/HeimatbuchSeiburg-195x300.jpg\" alt=\"HeimatbuchSeiburg\" width=\"195\" height=\"300\" srcset=\"http:\/\/www.seiburg.de\/wp\/wp-content\/uploads\/2015\/01\/HeimatbuchSeiburg-195x300.jpg 195w, http:\/\/www.seiburg.de\/wp\/wp-content\/uploads\/2015\/01\/HeimatbuchSeiburg.jpg 623w\" sizes=\"auto, (max-width: 195px) 100vw, 195px\" \/><\/a><\/p>\n<p>Auf 244 Seiten ist die Geschichte Seiburgs in Wort und Bild beschrieben. Man erf\u00e4hrt viel \u00fcber das Leben und Brauchtum in Seiburg und \u00fcber die Ortsgeschichte. Am Ende des Buches findet man auf 60 Seiten das komplette Seiburger Familienverzeichnis (Stand 1989). Die meisten Inhalte dieser Webseite sind dem Heimatbuch\u00a0entnommen, stellen aber nur einen Bruchteil der Inhalte des Buches dar.<\/p>\n<p>Wenn Sie Interesse an dem Heimatbuch haben, wenden sie sich an den\u00a0<a title=\"Kontakt\" href=\"http:\/\/www.seiburg.de\/wp\/?page_id=192\">Vorstand<\/a> der Heimatgemeinde.<\/p>\n","protected":false},"excerpt":{"rendered":"<p>Zweieinhalb St\u00f6rche von Claudiu M. Florian, erschienen 2008 Im Buch Zweieinhalb St\u00f6rche beschreibt Claudiu M. Florian seine Kindheit in Siebenb\u00fcrgen. Er w\u00e4chst in den siebziger Jahren bei seinen Gro\u00dfeltern in Reps auf und ein ums andere Mal verschl\u00e4gt es ihn im Buch auch nach Seiburg: &#8222;An diesem Morgen kommt der dicke Onkel Michael mit dem [&hellip;]<\/p>\n","protected":false},"author":2,"featured_media":0,"parent":0,"menu_order":0,"comment_status":"closed","ping_status":"closed","template":"templates\/template-fullwidth.php","meta":{"footnotes":""},"class_list":["post-893","page","type-page","status-publish","hentry"],"_links":{"self":[{"href":"http:\/\/www.seiburg.de\/index.php?rest_route=\/wp\/v2\/pages\/893","targetHints":{"allow":["GET"]}}],"collection":[{"href":"http:\/\/www.seiburg.de\/index.php?rest_route=\/wp\/v2\/pages"}],"about":[{"href":"http:\/\/www.seiburg.de\/index.php?rest_route=\/wp\/v2\/types\/page"}],"author":[{"embeddable":true,"href":"http:\/\/www.seiburg.de\/index.php?rest_route=\/wp\/v2\/users\/2"}],"replies":[{"embeddable":true,"href":"http:\/\/www.seiburg.de\/index.php?rest_route=%2Fwp%2Fv2%2Fcomments&post=893"}],"version-history":[{"count":21,"href":"http:\/\/www.seiburg.de\/index.php?rest_route=\/wp\/v2\/pages\/893\/revisions"}],"predecessor-version":[{"id":919,"href":"http:\/\/www.seiburg.de\/index.php?rest_route=\/wp\/v2\/pages\/893\/revisions\/919"}],"wp:attachment":[{"href":"http:\/\/www.seiburg.de\/index.php?rest_route=%2Fwp%2Fv2%2Fmedia&parent=893"}],"curies":[{"name":"wp","href":"https:\/\/api.w.org\/{rel}","templated":true}]}}