{"id":500,"date":"2014-12-31T17:31:00","date_gmt":"2014-12-31T17:31:00","guid":{"rendered":"http:\/\/www.seiburg.de\/wp\/?page_id=500"},"modified":"2014-12-31T17:37:13","modified_gmt":"2014-12-31T17:37:13","slug":"gesellschaftliche-einrichtungen","status":"publish","type":"page","link":"https:\/\/www.seiburg.de\/?page_id=500","title":{"rendered":"Gesellschaftliche Einrichtungen"},"content":{"rendered":"<h2>Nachbarschaften<\/h2>\n<p>In Seiburg gab es f\u00fcnf Nachbarschaften: Winkelgassse und Kirchenr\u00fccken, Obergasse, Neugasse, Hintergasse, sowie Berggasse. Jede dieser Nachbarschaften hatte zwei Nachbarv\u00e4ter, den \u00e4lteren und den j\u00fcngeren, wobei der \u00e4ltere Nachbarvater den h\u00f6chsten Rang in der Nachbarschaft hatte. Die Nachbarv\u00e4ter wurden alle zwei Jahre durchgewechselt.<\/p>\n<p>Die Nachbarschaften hatte feste Statuten, die in der sogenannten Nachbarschaftslade aufbewahrt wurden. Zu den Pflichen der Nachbarschaft geh\u00f6rte es z.B., beim Bau eines Hauses, einer Scheune oder eines Stalles eines Nachbarn unentgeltlich mitzuhelfen.<\/p>\n<h2>Das Nachbarschaftszeichen<\/h2>\n<p>Nachrichten oder Mitteilungen der Nachbarschaft und auch der Kirchengemeinde wurden mit dem Nachbarschaftszeichen weitergegeben. Es war dies ein durch Schnitzereien reichverziertes Holzbrettchen. Das Nachbarschaftszeichen wurde mit der Nachricht ohne Verzug solange von Nachbar zu Nachbar weitergereicht, bis es wieder beim \u00e4lteren Nachbarvater ankam.<\/p>\n<h2>Bruder- und Schwesternschaft<\/h2>\n<p>Zu Ostern, nach der Konfirmation, erfolgte die Aufnahme in Burder- und Schwersternschaft, die im Grunde einander \u00e4hnlich waren und in der man blieb, bis man heiratete. Einmal im Monat traf sich die Burderschaft ebenso wie die Schwesternschaft.<\/p>\n<p>Die Mitglieder verpflichten sich nach den Statuten (Satzung) der Bruder- bzw. Schwesternschaft zu leben.<\/p>\n<p>Historisch enstanden die Bruderschaften aus dem Zusammenschluss von Gesellen im 15. Jahrhundert. Aus den Gesellenburderschaften gingen im 16. Jahrhundert die l\u00e4ndlichen Bruderschaften hervor. Die Schwesternschaften sind erst auf Anordnung der beiden Krichenvisitationen der Bisch\u00f6fe Georg Daniel und Friedrich Teutsch (vor und nach 1900) gegr\u00fcndet worden. Dies hatten die grundlegend gleichen Statuten, die sich nur in den zu erledigenden Arbeiten unterschieden.<\/p>\n<h2>Frauenverein<\/h2>\n<p>Wie wohl in allen s\u00e4chsischen Gemeinden Siebenb\u00fcrgens, gab es auch in Seiburg einen Frauenverein. Im geh\u00f6rten alle Frauen an. Da dieser Verein kein Zwang war, gabe es jedoch auch einige wenige, die nicht mitmachen wollten.<\/p>\n<p>Der Frauenverein hatte die haupts\u00e4chliche Aufgabe Not zu lindern und zu helfen, woimmer dies \u00fcber den Rahmen der Nachbarschaftshilfe n\u00f6tig war.<\/p>\n","protected":false},"excerpt":{"rendered":"<p>Nachbarschaften In Seiburg gab es f\u00fcnf Nachbarschaften: Winkelgassse und Kirchenr\u00fccken, Obergasse, Neugasse, Hintergasse, sowie Berggasse. Jede dieser Nachbarschaften hatte zwei Nachbarv\u00e4ter, den \u00e4lteren und den j\u00fcngeren, wobei der \u00e4ltere Nachbarvater den h\u00f6chsten Rang in der Nachbarschaft hatte. Die Nachbarv\u00e4ter wurden alle zwei Jahre durchgewechselt. Die Nachbarschaften hatte feste Statuten, die in der sogenannten Nachbarschaftslade aufbewahrt [&hellip;]<\/p>\n","protected":false},"author":1,"featured_media":0,"parent":0,"menu_order":0,"comment_status":"closed","ping_status":"closed","template":"templates\/template-fullwidth.php","meta":{"footnotes":""},"class_list":["post-500","page","type-page","status-publish","hentry"],"_links":{"self":[{"href":"https:\/\/www.seiburg.de\/index.php?rest_route=\/wp\/v2\/pages\/500","targetHints":{"allow":["GET"]}}],"collection":[{"href":"https:\/\/www.seiburg.de\/index.php?rest_route=\/wp\/v2\/pages"}],"about":[{"href":"https:\/\/www.seiburg.de\/index.php?rest_route=\/wp\/v2\/types\/page"}],"author":[{"embeddable":true,"href":"https:\/\/www.seiburg.de\/index.php?rest_route=\/wp\/v2\/users\/1"}],"replies":[{"embeddable":true,"href":"https:\/\/www.seiburg.de\/index.php?rest_route=%2Fwp%2Fv2%2Fcomments&post=500"}],"version-history":[{"count":1,"href":"https:\/\/www.seiburg.de\/index.php?rest_route=\/wp\/v2\/pages\/500\/revisions"}],"predecessor-version":[{"id":501,"href":"https:\/\/www.seiburg.de\/index.php?rest_route=\/wp\/v2\/pages\/500\/revisions\/501"}],"wp:attachment":[{"href":"https:\/\/www.seiburg.de\/index.php?rest_route=%2Fwp%2Fv2%2Fmedia&parent=500"}],"curies":[{"name":"wp","href":"https:\/\/api.w.org\/{rel}","templated":true}]}}