{"id":6,"date":"2014-12-29T21:21:11","date_gmt":"2014-12-29T21:21:11","guid":{"rendered":"http:\/\/www.seiburg.de\/wp\/?page_id=6"},"modified":"2026-02-18T19:56:45","modified_gmt":"2026-02-18T19:56:45","slug":"startseite","status":"publish","type":"page","link":"https:\/\/www.seiburg.de\/","title":{"rendered":"Herzlich willkommen"},"content":{"rendered":"\n<div class=\"wp-block-group\"><div class=\"wp-block-group__inner-container is-layout-constrained wp-block-group-is-layout-constrained\">\n<p><a href=\"https:\/\/www.seiburg.de\/wp\/wp-admin\/edit.php?post_type=page\"><\/a><\/p>\n\n\n\n<h2>auf den Webseiten der Heimatgemeinde Seiburg.<\/h2>\n<hr \/>\n<h3><span style=\"color: #ff9900;\">Aktuelles:<\/span><\/h3>\n<blockquote>\n<h3><a href=\"https:\/\/www.seiburg.de\/?p=2645\">Bilder vom Seiburger Treffen<\/a><\/h3>\n<\/blockquote>\n<blockquote>\n<h3><a href=\"https:\/\/www.seiburg.de\/?p=2528\">Spendenaufruf f\u00fcr das Dach des Seiburger Pfarrhauses<\/a><\/h3>\n<\/blockquote>\n<blockquote>\n<h3><span style=\"color: #800000;\">Zur Vorfreude und zum Vormerken: Das n\u00e4chste Seiburger Treffen findet am 08.09.2028 &#8211; 10.09.2028 im Heiligenhof in Bad Kissingen statt.\u00a0<\/span><\/h3>\n<\/blockquote>\n<hr \/>\n<p>Drohnenaufnahmen von Seiburg von Lars Homner:<\/p>\n<iframe loading=\"lazy\"  id=\"_ytid_80386\"  width=\"480\" height=\"270\"  data-origwidth=\"480\" data-origheight=\"270\" src=\"https:\/\/www.youtube.com\/embed\/Ox7buZx1XuM?enablejsapi=1&autoplay=0&cc_load_policy=0&cc_lang_pref=&iv_load_policy=1&loop=0&modestbranding=0&rel=1&fs=1&playsinline=0&autohide=2&theme=dark&color=red&controls=1&\" class=\"__youtube_prefs__  no-lazyload\" title=\"YouTube player\"  allow=\"fullscreen; accelerometer; autoplay; clipboard-write; encrypted-media; gyroscope; picture-in-picture\" allowfullscreen data-no-lazy=\"1\" data-skipgform_ajax_framebjll=\"\"><\/iframe>\n<hr \/>\n<p>Livebilder aus Seiburg (Perspektive wechselt alle 10 Sekunden. Die Bilder werden alle 16 Minuten aktualisiert):<\/p>\n<div id=\"camPic\">\u00a0<\/div>\n<hr \/>\n<p>Transsilvanien, jenseits der W\u00e4lder nennt man das Land klangvoll auf lateinisch. Als Siebenb\u00fcrgen ist es \u00fcber seine Grenzen hinaus bekannt geworden &#8211; etwas Deutsches &#8211; irgendwo im S\u00fcdosten Europas. Dort, mitten in Rum\u00e4nien, am Fu\u00dfe der Karpaten, liegt unsere Heimat.<\/p>\n<p>Wenn man von Kronstadt nach Sch\u00e4\u00dfburg f\u00e4hrt, kommt man durch das St\u00e4dtchen Reps. Auf einem Basaltfelsen oberhalb des Ortes ruht die zwar kleine, aber auch in ihren Tr\u00fcmmern noch sch\u00f6ne Bauernburg, die gleich einer Wache in das Tal des Kosdbaches hinabsieht. Am Fu\u00dfe der Ruine teilt sich die Landstra\u00dfe. Ein Weg f\u00fchrt nach Schweischer und weiter \u00fcber Keisd nach Sch\u00e4\u00dfburg. Der andere Weg f\u00fchrt nach Stein und weiter \u00fcber\u00a0<a title=\"Geografische Lage\" href=\"http:\/\/www.seiburg.de\/wp\/?page_id=340\"><b>Seiburg<\/b><\/a>\u00a0(rum\u00e4nisch Jibert) nach Fogarasch.<\/p>\n<hr \/>\n<p>Wenn Sie einen Eindruck von Seiburg bekommen m\u00f6chten, finden Sie unter <a title=\"Urlaubsimpressionen 2011\" href=\"http:\/\/www.seiburg.de\/wp\/?p=595\">Urlaubsimpressionen<\/a> ein Fotoalbum mit Bildern aus Seiburg.<\/p>\n<\/div><\/div>\n","protected":false},"excerpt":{"rendered":"<p>auf den Webseiten der Heimatgemeinde Seiburg. Aktuelles: Bilder vom Seiburger Treffen Spendenaufruf f\u00fcr das Dach des Seiburger Pfarrhauses Zur Vorfreude und zum Vormerken: Das n\u00e4chste Seiburger Treffen findet am 08.09.2028 &#8211; 10.09.2028 im Heiligenhof in Bad Kissingen statt.\u00a0 Drohnenaufnahmen von Seiburg von Lars Homner: Livebilder aus Seiburg (Perspektive wechselt alle 10 Sekunden. Die Bilder werden [&hellip;]<\/p>\n","protected":false},"author":2,"featured_media":0,"parent":0,"menu_order":0,"comment_status":"closed","ping_status":"closed","template":"","meta":{"footnotes":""},"class_list":["post-6","page","type-page","status-publish","hentry"],"_links":{"self":[{"href":"https:\/\/www.seiburg.de\/index.php?rest_route=\/wp\/v2\/pages\/6","targetHints":{"allow":["GET"]}}],"collection":[{"href":"https:\/\/www.seiburg.de\/index.php?rest_route=\/wp\/v2\/pages"}],"about":[{"href":"https:\/\/www.seiburg.de\/index.php?rest_route=\/wp\/v2\/types\/page"}],"author":[{"embeddable":true,"href":"https:\/\/www.seiburg.de\/index.php?rest_route=\/wp\/v2\/users\/2"}],"replies":[{"embeddable":true,"href":"https:\/\/www.seiburg.de\/index.php?rest_route=%2Fwp%2Fv2%2Fcomments&post=6"}],"version-history":[{"count":138,"href":"https:\/\/www.seiburg.de\/index.php?rest_route=\/wp\/v2\/pages\/6\/revisions"}],"predecessor-version":[{"id":2647,"href":"https:\/\/www.seiburg.de\/index.php?rest_route=\/wp\/v2\/pages\/6\/revisions\/2647"}],"wp:attachment":[{"href":"https:\/\/www.seiburg.de\/index.php?rest_route=%2Fwp%2Fv2%2Fmedia&parent=6"}],"curies":[{"name":"wp","href":"https:\/\/api.w.org\/{rel}","templated":true}]}}